{"id":47,"date":"2022-05-10T08:00:20","date_gmt":"2022-05-10T06:00:20","guid":{"rendered":"https:\/\/www.laborkn.sk\/?page_id=47"},"modified":"2023-02-28T08:26:08","modified_gmt":"2023-02-28T07:26:08","slug":"informacia-pre-lekarov","status":"publish","type":"page","link":"https:\/\/www.laborkn.sk\/hu\/informacia-pre-lekarov\/","title":{"rendered":"Inform\u00e1cia pre lek\u00e1rov"},"content":{"rendered":"\n<ul class=\"wp-block-list\">\n<li><a href=\"https:\/\/www.laborkn.sk\/wp-content\/uploads\/2022\/09\/01_InfMatAutovakciny.pdf\">P\u00cdSOMN\u00c1 INFORM\u00c1CIA PRE INDIKUJ\u00daCICH LEK\u00c1ROV: Individu\u00e1lne pripraven\u00e9 mikrobi\u00e1lne lyz\u00e1ty ( autovakc\u00edny a&nbsp;stock vakc\u00edny)<\/a><\/li>\n<\/ul>\n\n\n\n<ul class=\"wp-block-list\">\n<li><a href=\"https:\/\/www.laborkn.sk\/wp-content\/uploads\/2022\/09\/02_Individualne-pripravene-peroralne-mikrobialne-lyzaty-autovakciny-a-stock-vakciny.pdf\">\u0160tandartn\u00fd opera\u010dn\u00fd postup MZSR: Individu\u00e1lne pripraven\u00e9 peror\u00e1lne mikrobi\u00e1lne lyz\u00e1ty (autovakc\u00edny a stock vakc\u00edny) ako alternat\u00edvna lie\u010dba chronick\u00fdch a recidivuj\u00facich infekci\u00ed<\/a><\/li>\n<\/ul>\n\n\n\n<div class=\"wp-block-buttons is-content-justification-center is-layout-flex wp-container-core-buttons-is-layout-1 wp-block-buttons-is-layout-flex\">\n<div class=\"wp-block-button is-style-outline is-style-outline--1d703bc08643b5c2b3346056a86a5b2d\"><a class=\"wp-block-button__link wp-element-button\" href=\"https:\/\/www.laborkn.sk\/wp-content\/uploads\/2022\/09\/objednavka-pripravy-autovakcin.doc\">Objedn\u00e1vka pr\u00edpravy autovakc\u00edn<\/a><\/div>\n\n\n\n<div class=\"wp-block-button is-style-outline is-style-outline--cc50b2821158e1d2ce0cd59ad46ecff2\"><a class=\"wp-block-button__link wp-element-button\" href=\"https:\/\/www.laborkn.sk\/wp-content\/uploads\/2023\/02\/Cennik-individualne-pripravenych-mikrobialnych-lyzatov.pdf\" target=\"_blank\" rel=\"noreferrer noopener\">Cenn\u00edk individu\u00e1lne pripraven\u00fdch mikrobi\u00e1lnych lyz\u00e1tov<\/a><\/div>\n<\/div>\n","protected":false},"excerpt":{"rendered":"","protected":false},"author":1,"featured_media":0,"parent":0,"menu_order":0,"comment_status":"closed","ping_status":"closed","template":"","meta":{"_monsterinsights_skip_tracking":false,"_monsterinsights_sitenote_active":false,"_monsterinsights_sitenote_note":"","_monsterinsights_sitenote_category":0,"footnotes":""},"class_list":["post-47","page","type-page","status-publish","hentry"],"yoast_head":"<!-- This site is optimized with the Yoast SEO plugin v23.4 - https:\/\/yoast.com\/wordpress\/plugins\/seo\/ -->\n<title>Inform\u00e1cia pre lek\u00e1rov - Laborat\u00f3rium klinickej mikrobiol\u00f3gie<\/title>\n<meta name=\"robots\" content=\"index, follow, max-snippet:-1, max-image-preview:large, max-video-preview:-1\" \/>\n<link rel=\"canonical\" href=\"https:\/\/www.laborkn.sk\/hu\/informacia-pre-lekarov\/\" \/>\n<meta property=\"og:locale\" content=\"hu_HU\" \/>\n<meta property=\"og:locale:alternate\" content=\"sk_SK\" \/>\n<meta property=\"og:type\" content=\"article\" \/>\n<meta property=\"og:title\" content=\"Inform\u00e1cia pre lek\u00e1rov\" \/>\n<meta property=\"og:url\" content=\"https:\/\/www.laborkn.sk\/hu\/informacia-pre-lekarov\/\" \/>\n<meta property=\"og:site_name\" content=\"Laborat\u00f3rium klinickej mikrobiol\u00f3gie\" \/>\n<meta property=\"article:modified_time\" content=\"2023-02-28T07:26:08+00:00\" \/>\n<meta name=\"twitter:card\" content=\"summary_large_image\" \/>\n<meta name=\"twitter:label1\" content=\"Becs\u00fclt olvas\u00e1si id\u0151\" \/>\n\t<meta name=\"twitter:data1\" content=\"1 perc\" \/>\n<script type=\"application\/ld+json\" class=\"yoast-schema-graph\">{\"@context\":\"https:\/\/schema.org\",\"@graph\":[{\"@type\":\"WebPage\",\"@id\":\"https:\/\/www.laborkn.sk\/sk\/informacia-pre-lekarov\/\",\"url\":\"https:\/\/www.laborkn.sk\/sk\/informacia-pre-lekarov\/\",\"name\":\"Inform\u00e1cia pre lek\u00e1rov\",\"isPartOf\":{\"@id\":\"https:\/\/www.laborkn.sk\/sk\/#website\"},\"datePublished\":\"2022-05-10T06:00:20+00:00\",\"dateModified\":\"2023-02-28T07:26:08+00:00\",\"breadcrumb\":{\"@id\":\"https:\/\/www.laborkn.sk\/sk\/informacia-pre-lekarov\/#breadcrumb\"},\"inLanguage\":\"hu-HU\",\"potentialAction\":[{\"@type\":\"ReadAction\",\"target\":[\"https:\/\/www.laborkn.sk\/sk\/informacia-pre-lekarov\/\"]}]},{\"@type\":\"BreadcrumbList\",\"@id\":\"https:\/\/www.laborkn.sk\/sk\/informacia-pre-lekarov\/#breadcrumb\",\"itemListElement\":[{\"@type\":\"ListItem\",\"position\":1,\"name\":\"Home\",\"item\":\"https:\/\/www.laborkn.sk\/sk\/\"},{\"@type\":\"ListItem\",\"position\":2,\"name\":\"Inform\u00e1cia pre lek\u00e1rov\"}]},{\"@type\":\"WebSite\",\"@id\":\"https:\/\/www.laborkn.sk\/sk\/#website\",\"url\":\"https:\/\/www.laborkn.sk\/sk\/\",\"name\":\"Laborat\u00f3rium klinickej mikrobiol\u00f3gie\",\"description\":\"Sv. Valeria s.r.o. - Szt. Val\u00e9ria k.f.t\",\"potentialAction\":[{\"@type\":\"SearchAction\",\"target\":{\"@type\":\"EntryPoint\",\"urlTemplate\":\"https:\/\/www.laborkn.sk\/sk\/?s={search_term_string}\"},\"query-input\":{\"@type\":\"PropertyValueSpecification\",\"valueRequired\":true,\"valueName\":\"search_term_string\"}}],\"inLanguage\":\"hu-HU\"}]}<\/script>\n<!-- \/ Yoast SEO plugin. -->","yoast_head_json":{"title":"Inform\u00e1cia pre lek\u00e1rov - Laborat\u00f3rium klinickej mikrobiol\u00f3gie","robots":{"index":"index","follow":"follow","max-snippet":"max-snippet:-1","max-image-preview":"max-image-preview:large","max-video-preview":"max-video-preview:-1"},"canonical":"https:\/\/www.laborkn.sk\/hu\/informacia-pre-lekarov\/","og_locale":"hu_HU","og_type":"article","og_title":"[:sk]Inform\u00e1cia pre lek\u00e1rov[:] - Laborat\u00f3rium klinickej mikrobiol\u00f3gie","og_url":"https:\/\/www.laborkn.sk\/hu\/informacia-pre-lekarov\/","og_site_name":"Laborat\u00f3rium klinickej mikrobiol\u00f3gie","article_modified_time":"2023-02-28T07:26:08+00:00","twitter_card":"summary_large_image","twitter_misc":{"Becs\u00fclt olvas\u00e1si id\u0151":"1 perc"},"schema":{"@context":"https:\/\/schema.org","@graph":[{"@type":"WebPage","@id":"https:\/\/www.laborkn.sk\/sk\/informacia-pre-lekarov\/","url":"https:\/\/www.laborkn.sk\/sk\/informacia-pre-lekarov\/","name":"Inform\u00e1cia pre lek\u00e1rov","isPartOf":{"@id":"https:\/\/www.laborkn.sk\/sk\/#website"},"datePublished":"2022-05-10T06:00:20+00:00","dateModified":"2023-02-28T07:26:08+00:00","breadcrumb":{"@id":"https:\/\/www.laborkn.sk\/sk\/informacia-pre-lekarov\/#breadcrumb"},"inLanguage":"hu-HU","potentialAction":[{"@type":"ReadAction","target":["https:\/\/www.laborkn.sk\/sk\/informacia-pre-lekarov\/"]}]},{"@type":"BreadcrumbList","@id":"https:\/\/www.laborkn.sk\/sk\/informacia-pre-lekarov\/#breadcrumb","itemListElement":[{"@type":"ListItem","position":1,"name":"Home","item":"https:\/\/www.laborkn.sk\/sk\/"},{"@type":"ListItem","position":2,"name":"Inform\u00e1cia pre lek\u00e1rov"}]},{"@type":"WebSite","@id":"https:\/\/www.laborkn.sk\/sk\/#website","url":"https:\/\/www.laborkn.sk\/sk\/","name":"Laborat\u00f3rium klinickej mikrobiol\u00f3gie","description":"Sv. Valeria s.r.o. - Szt. Val\u00e9ria k.f.t","potentialAction":[{"@type":"SearchAction","target":{"@type":"EntryPoint","urlTemplate":"https:\/\/www.laborkn.sk\/sk\/?s={search_term_string}"},"query-input":{"@type":"PropertyValueSpecification","valueRequired":true,"valueName":"search_term_string"}}],"inLanguage":"hu-HU"}]}},"_links":{"self":[{"href":"https:\/\/www.laborkn.sk\/hu\/wp-json\/wp\/v2\/pages\/47"}],"collection":[{"href":"https:\/\/www.laborkn.sk\/hu\/wp-json\/wp\/v2\/pages"}],"about":[{"href":"https:\/\/www.laborkn.sk\/hu\/wp-json\/wp\/v2\/types\/page"}],"author":[{"embeddable":true,"href":"https:\/\/www.laborkn.sk\/hu\/wp-json\/wp\/v2\/users\/1"}],"replies":[{"embeddable":true,"href":"https:\/\/www.laborkn.sk\/hu\/wp-json\/wp\/v2\/comments?post=47"}],"version-history":[{"count":5,"href":"https:\/\/www.laborkn.sk\/hu\/wp-json\/wp\/v2\/pages\/47\/revisions"}],"predecessor-version":[{"id":265,"href":"https:\/\/www.laborkn.sk\/hu\/wp-json\/wp\/v2\/pages\/47\/revisions\/265"}],"wp:attachment":[{"href":"https:\/\/www.laborkn.sk\/hu\/wp-json\/wp\/v2\/media?parent=47"}],"curies":[{"name":"wp","href":"https:\/\/api.w.org\/{rel}","templated":true}]}}