{"id":58,"date":"2022-05-10T08:05:33","date_gmt":"2022-05-10T06:05:33","guid":{"rendered":"https:\/\/www.laborkn.sk\/?page_id=58"},"modified":"2022-09-19T18:56:56","modified_gmt":"2022-09-19T16:56:56","slug":"kontakty","status":"publish","type":"page","link":"https:\/\/www.laborkn.sk\/hu\/kontakty\/","title":{"rendered":"Kontakty"},"content":{"rendered":"\n<p>MUDr. Monika Czirfuszov\u00e1, PhD.<br>mobil: +421 918 110 233<br>e-mail: czirfuszm@gmail.com<br>Linked in: <a href=\"https:\/\/www.linkedin.com\/in\/monika-czirfuszov%C3%A1-mudr-phd-0b936a195\">Linked in<\/a><br><\/p>\n\n\n\n<hr class=\"wp-block-separator has-alpha-channel-opacity has-midnight-gradient-background has-background is-style-wide\"\/>\n\n\n\n<iframe src=\"https:\/\/www.google.com\/maps\/embed?pb=!1m18!1m12!1m3!1d2681.995353580311!2d18.124275215869616!3d47.76214447919533!2m3!1f0!2f0!3f0!3m2!1i1024!2i768!4f13.1!3m3!1m2!1s0x476bad5122777035%3A0xf018174567a9277e!2zU2VubsO9IHRyaCA3OTkvNiwgOTQ1IDA1IEtvbcOhcm5v!5e0!3m2!1ssk!2ssk!4v1662532113586!5m2!1ssk!2ssk\" width=\"600\" height=\"450\" style=\"border:0;\" allowfullscreen=\"\" loading=\"lazy\" referrerpolicy=\"no-referrer-when-downgrade\"><\/iframe>\n\n\n\n<p><\/p>\n","protected":false},"excerpt":{"rendered":"<p>MUDr. Monika Czirfuszov\u00e1, PhD.mobil: +421 918 110 233e-mail: czirfuszm@gmail.comLinked in: Linked in<\/p>\n","protected":false},"author":3,"featured_media":0,"parent":0,"menu_order":0,"comment_status":"closed","ping_status":"closed","template":"","meta":{"_monsterinsights_skip_tracking":false,"_monsterinsights_sitenote_active":false,"_monsterinsights_sitenote_note":"","_monsterinsights_sitenote_category":0,"footnotes":""},"class_list":["post-58","page","type-page","status-publish","hentry"],"yoast_head":"<!-- This site is optimized with the Yoast SEO plugin v23.4 - https:\/\/yoast.com\/wordpress\/plugins\/seo\/ -->\n<title>Kontakty - Laborat\u00f3rium klinickej mikrobiol\u00f3gie<\/title>\n<meta name=\"robots\" content=\"index, follow, max-snippet:-1, max-image-preview:large, max-video-preview:-1\" \/>\n<link rel=\"canonical\" href=\"https:\/\/www.laborkn.sk\/hu\/kontakty\/\" \/>\n<meta property=\"og:locale\" content=\"hu_HU\" \/>\n<meta property=\"og:locale:alternate\" content=\"sk_SK\" \/>\n<meta property=\"og:type\" content=\"article\" \/>\n<meta property=\"og:title\" content=\"Kontakty\" \/>\n<meta property=\"og:description\" content=\"MUDr. Monika Czirfuszov\u00e1, PhD.mobil: +421 918 110 233e-mail: czirfuszm@gmail.comLinked in: Linked in\" \/>\n<meta property=\"og:url\" content=\"https:\/\/www.laborkn.sk\/hu\/kontakty\/\" \/>\n<meta property=\"og:site_name\" content=\"Laborat\u00f3rium klinickej mikrobiol\u00f3gie\" \/>\n<meta property=\"article:modified_time\" content=\"2022-09-19T16:56:56+00:00\" \/>\n<meta name=\"twitter:card\" content=\"summary_large_image\" \/>\n<meta name=\"twitter:label1\" content=\"Becs\u00fclt olvas\u00e1si id\u0151\" \/>\n\t<meta name=\"twitter:data1\" content=\"1 perc\" \/>\n<script type=\"application\/ld+json\" class=\"yoast-schema-graph\">{\"@context\":\"https:\/\/schema.org\",\"@graph\":[{\"@type\":\"WebPage\",\"@id\":\"https:\/\/www.laborkn.sk\/sk\/kontakty\/\",\"url\":\"https:\/\/www.laborkn.sk\/sk\/kontakty\/\",\"name\":\"Kontakty\",\"isPartOf\":{\"@id\":\"https:\/\/www.laborkn.sk\/sk\/#website\"},\"datePublished\":\"2022-05-10T06:05:33+00:00\",\"dateModified\":\"2022-09-19T16:56:56+00:00\",\"breadcrumb\":{\"@id\":\"https:\/\/www.laborkn.sk\/sk\/kontakty\/#breadcrumb\"},\"inLanguage\":\"hu-HU\",\"potentialAction\":[{\"@type\":\"ReadAction\",\"target\":[\"https:\/\/www.laborkn.sk\/sk\/kontakty\/\"]}]},{\"@type\":\"BreadcrumbList\",\"@id\":\"https:\/\/www.laborkn.sk\/sk\/kontakty\/#breadcrumb\",\"itemListElement\":[{\"@type\":\"ListItem\",\"position\":1,\"name\":\"Home\",\"item\":\"https:\/\/www.laborkn.sk\/sk\/\"},{\"@type\":\"ListItem\",\"position\":2,\"name\":\"Kontakty\"}]},{\"@type\":\"WebSite\",\"@id\":\"https:\/\/www.laborkn.sk\/sk\/#website\",\"url\":\"https:\/\/www.laborkn.sk\/sk\/\",\"name\":\"Laborat\u00f3rium klinickej mikrobiol\u00f3gie\",\"description\":\"Sv. Valeria s.r.o. - Szt. Val\u00e9ria k.f.t\",\"potentialAction\":[{\"@type\":\"SearchAction\",\"target\":{\"@type\":\"EntryPoint\",\"urlTemplate\":\"https:\/\/www.laborkn.sk\/sk\/?s={search_term_string}\"},\"query-input\":{\"@type\":\"PropertyValueSpecification\",\"valueRequired\":true,\"valueName\":\"search_term_string\"}}],\"inLanguage\":\"hu-HU\"}]}<\/script>\n<!-- \/ Yoast SEO plugin. -->","yoast_head_json":{"title":"Kontakty - Laborat\u00f3rium klinickej mikrobiol\u00f3gie","robots":{"index":"index","follow":"follow","max-snippet":"max-snippet:-1","max-image-preview":"max-image-preview:large","max-video-preview":"max-video-preview:-1"},"canonical":"https:\/\/www.laborkn.sk\/hu\/kontakty\/","og_locale":"hu_HU","og_type":"article","og_title":"[:sk]Kontakty[:] - Laborat\u00f3rium klinickej mikrobiol\u00f3gie","og_description":"MUDr. Monika Czirfuszov\u00e1, PhD.mobil: +421 918 110 233e-mail: czirfuszm@gmail.comLinked in: Linked in","og_url":"https:\/\/www.laborkn.sk\/hu\/kontakty\/","og_site_name":"Laborat\u00f3rium klinickej mikrobiol\u00f3gie","article_modified_time":"2022-09-19T16:56:56+00:00","twitter_card":"summary_large_image","twitter_misc":{"Becs\u00fclt olvas\u00e1si id\u0151":"1 perc"},"schema":{"@context":"https:\/\/schema.org","@graph":[{"@type":"WebPage","@id":"https:\/\/www.laborkn.sk\/sk\/kontakty\/","url":"https:\/\/www.laborkn.sk\/sk\/kontakty\/","name":"Kontakty","isPartOf":{"@id":"https:\/\/www.laborkn.sk\/sk\/#website"},"datePublished":"2022-05-10T06:05:33+00:00","dateModified":"2022-09-19T16:56:56+00:00","breadcrumb":{"@id":"https:\/\/www.laborkn.sk\/sk\/kontakty\/#breadcrumb"},"inLanguage":"hu-HU","potentialAction":[{"@type":"ReadAction","target":["https:\/\/www.laborkn.sk\/sk\/kontakty\/"]}]},{"@type":"BreadcrumbList","@id":"https:\/\/www.laborkn.sk\/sk\/kontakty\/#breadcrumb","itemListElement":[{"@type":"ListItem","position":1,"name":"Home","item":"https:\/\/www.laborkn.sk\/sk\/"},{"@type":"ListItem","position":2,"name":"Kontakty"}]},{"@type":"WebSite","@id":"https:\/\/www.laborkn.sk\/sk\/#website","url":"https:\/\/www.laborkn.sk\/sk\/","name":"Laborat\u00f3rium klinickej mikrobiol\u00f3gie","description":"Sv. Valeria s.r.o. - Szt. Val\u00e9ria k.f.t","potentialAction":[{"@type":"SearchAction","target":{"@type":"EntryPoint","urlTemplate":"https:\/\/www.laborkn.sk\/sk\/?s={search_term_string}"},"query-input":{"@type":"PropertyValueSpecification","valueRequired":true,"valueName":"search_term_string"}}],"inLanguage":"hu-HU"}]}},"_links":{"self":[{"href":"https:\/\/www.laborkn.sk\/hu\/wp-json\/wp\/v2\/pages\/58"}],"collection":[{"href":"https:\/\/www.laborkn.sk\/hu\/wp-json\/wp\/v2\/pages"}],"about":[{"href":"https:\/\/www.laborkn.sk\/hu\/wp-json\/wp\/v2\/types\/page"}],"author":[{"embeddable":true,"href":"https:\/\/www.laborkn.sk\/hu\/wp-json\/wp\/v2\/users\/3"}],"replies":[{"embeddable":true,"href":"https:\/\/www.laborkn.sk\/hu\/wp-json\/wp\/v2\/comments?post=58"}],"version-history":[{"count":5,"href":"https:\/\/www.laborkn.sk\/hu\/wp-json\/wp\/v2\/pages\/58\/revisions"}],"predecessor-version":[{"id":246,"href":"https:\/\/www.laborkn.sk\/hu\/wp-json\/wp\/v2\/pages\/58\/revisions\/246"}],"wp:attachment":[{"href":"https:\/\/www.laborkn.sk\/hu\/wp-json\/wp\/v2\/media?parent=58"}],"curies":[{"name":"wp","href":"https:\/\/api.w.org\/{rel}","templated":true}]}}