{"id":112,"date":"2022-05-10T11:34:06","date_gmt":"2022-05-10T09:34:06","guid":{"rendered":"https:\/\/www.laborkn.sk\/sk\/?page_id=112"},"modified":"2022-09-07T17:46:05","modified_gmt":"2022-09-07T15:46:05","slug":"covid19-ag-a-pcr","status":"publish","type":"page","link":"https:\/\/www.laborkn.sk\/sk\/covid19-ag-a-pcr\/","title":{"rendered":"COVID19 AG a PCR"},"content":{"rendered":"\n<p>Testovanie AG a PCR na MOM Sv. Val\u00e9ria v Kom\u00e1rne<\/p>\n\n\n\n<p><strong>Antig\u00e9nov\u00e9 (AG) a PCR testovanie pokra\u010duje <strong><strong>pondelok a\u017e \u0161tvrtok, v nede\u013eu a po\u010das sviatkov od 15:30 do 16:30.<\/strong><\/strong><\/strong> <\/p>\n","protected":false},"excerpt":{"rendered":"<p>Testovanie AG a PCR na MOM Sv. Val\u00e9ria v Kom\u00e1rne Antig\u00e9nov\u00e9 (AG) a PCR testovanie pokra\u010duje pondelok a\u017e \u0161tvrtok, v nede\u013eu a po\u010das sviatkov od 15:30 do 16:30.<\/p>\n","protected":false},"author":1,"featured_media":0,"parent":0,"menu_order":0,"comment_status":"closed","ping_status":"closed","template":"","meta":{"_monsterinsights_skip_tracking":false,"_monsterinsights_sitenote_active":false,"_monsterinsights_sitenote_note":"","_monsterinsights_sitenote_category":0,"footnotes":""},"class_list":["post-112","page","type-page","status-publish","hentry"],"yoast_head":"<!-- This site is optimized with the Yoast SEO plugin v23.4 - https:\/\/yoast.com\/wordpress\/plugins\/seo\/ -->\n<title>COVID19 AG a PCR - Laborat\u00f3rium klinickej mikrobiol\u00f3gie<\/title>\n<meta name=\"description\" content=\"MOM Kom\u00e1rno AG a PCR Testovanie Sv. Val\u00e9ria, testovanie pokra\u010duje pondelok a\u017e \u0161tvrtok, v nede\u013eu a po\u010das sviatkov od 15:30 do 16:30\" \/>\n<meta name=\"robots\" content=\"index, follow, max-snippet:-1, max-image-preview:large, max-video-preview:-1\" \/>\n<link rel=\"canonical\" href=\"https:\/\/www.laborkn.sk\/sk\/covid19-ag-a-pcr\/\" \/>\n<meta property=\"og:locale\" content=\"sk_SK\" \/>\n<meta property=\"og:locale:alternate\" content=\"hu-HU\" \/>\n<meta property=\"og:type\" content=\"article\" \/>\n<meta property=\"og:title\" content=\"COVID19 AG a PCR\" \/>\n<meta property=\"og:description\" content=\"MOM Kom\u00e1rno AG a PCR Testovanie Sv. Val\u00e9ria, testovanie pokra\u010duje pondelok a\u017e \u0161tvrtok, v nede\u013eu a po\u010das sviatkov od 15:30 do 16:30\" \/>\n<meta property=\"og:url\" content=\"https:\/\/www.laborkn.sk\/sk\/covid19-ag-a-pcr\/\" \/>\n<meta property=\"og:site_name\" content=\"Laborat\u00f3rium klinickej mikrobiol\u00f3gie\" \/>\n<meta property=\"article:modified_time\" content=\"2022-09-07T15:46:05+00:00\" \/>\n<meta name=\"twitter:card\" content=\"summary_large_image\" \/>\n<meta name=\"twitter:label1\" content=\"Predpokladan\u00fd \u010das \u010d\u00edtania\" \/>\n\t<meta name=\"twitter:data1\" content=\"1 min\u00fata\" \/>\n<script type=\"application\/ld+json\" class=\"yoast-schema-graph\">{\"@context\":\"https:\/\/schema.org\",\"@graph\":[{\"@type\":\"WebPage\",\"@id\":\"https:\/\/www.laborkn.sk\/sk\/covid19-ag-a-pcr\/\",\"url\":\"https:\/\/www.laborkn.sk\/sk\/covid19-ag-a-pcr\/\",\"name\":\"COVID19 AG a PCR\",\"isPartOf\":{\"@id\":\"https:\/\/www.laborkn.sk\/sk\/#website\"},\"datePublished\":\"2022-05-10T09:34:06+00:00\",\"dateModified\":\"2022-09-07T15:46:05+00:00\",\"description\":\"MOM Kom\u00e1rno AG a PCR Testovanie Sv. Val\u00e9ria, testovanie pokra\u010duje pondelok a\u017e \u0161tvrtok, v nede\u013eu a po\u010das sviatkov od 15:30 do 16:30\",\"breadcrumb\":{\"@id\":\"https:\/\/www.laborkn.sk\/sk\/covid19-ag-a-pcr\/#breadcrumb\"},\"inLanguage\":\"sk-SK\",\"potentialAction\":[{\"@type\":\"ReadAction\",\"target\":[\"https:\/\/www.laborkn.sk\/sk\/covid19-ag-a-pcr\/\"]}]},{\"@type\":\"BreadcrumbList\",\"@id\":\"https:\/\/www.laborkn.sk\/sk\/covid19-ag-a-pcr\/#breadcrumb\",\"itemListElement\":[{\"@type\":\"ListItem\",\"position\":1,\"name\":\"Home\",\"item\":\"https:\/\/www.laborkn.sk\/sk\/\"},{\"@type\":\"ListItem\",\"position\":2,\"name\":\"COVID19 AG a PCR\"}]},{\"@type\":\"WebSite\",\"@id\":\"https:\/\/www.laborkn.sk\/sk\/#website\",\"url\":\"https:\/\/www.laborkn.sk\/sk\/\",\"name\":\"Laborat\u00f3rium klinickej mikrobiol\u00f3gie\",\"description\":\"Sv. Valeria s.r.o. - Szt. Val\u00e9ria k.f.t\",\"potentialAction\":[{\"@type\":\"SearchAction\",\"target\":{\"@type\":\"EntryPoint\",\"urlTemplate\":\"https:\/\/www.laborkn.sk\/sk\/?s={search_term_string}\"},\"query-input\":{\"@type\":\"PropertyValueSpecification\",\"valueRequired\":true,\"valueName\":\"search_term_string\"}}],\"inLanguage\":\"sk-SK\"}]}<\/script>\n<!-- \/ Yoast SEO plugin. -->","yoast_head_json":{"title":"COVID19 AG a PCR - Laborat\u00f3rium klinickej mikrobiol\u00f3gie","description":"MOM Kom\u00e1rno AG a PCR Testovanie Sv. Val\u00e9ria, testovanie pokra\u010duje pondelok a\u017e \u0161tvrtok, v nede\u013eu a po\u010das sviatkov od 15:30 do 16:30","robots":{"index":"index","follow":"follow","max-snippet":"max-snippet:-1","max-image-preview":"max-image-preview:large","max-video-preview":"max-video-preview:-1"},"canonical":"https:\/\/www.laborkn.sk\/sk\/covid19-ag-a-pcr\/","og_locale":"sk_SK","og_type":"article","og_title":"[:sk]COVID19 AG a PCR[:] - Laborat\u00f3rium klinickej mikrobiol\u00f3gie","og_description":"MOM Kom\u00e1rno AG a PCR Testovanie Sv. Val\u00e9ria, testovanie pokra\u010duje pondelok a\u017e \u0161tvrtok, v nede\u013eu a po\u010das sviatkov od 15:30 do 16:30","og_url":"https:\/\/www.laborkn.sk\/sk\/covid19-ag-a-pcr\/","og_site_name":"Laborat\u00f3rium klinickej mikrobiol\u00f3gie","article_modified_time":"2022-09-07T15:46:05+00:00","twitter_card":"summary_large_image","twitter_misc":{"Predpokladan\u00fd \u010das \u010d\u00edtania":"1 min\u00fata"},"schema":{"@context":"https:\/\/schema.org","@graph":[{"@type":"WebPage","@id":"https:\/\/www.laborkn.sk\/sk\/covid19-ag-a-pcr\/","url":"https:\/\/www.laborkn.sk\/sk\/covid19-ag-a-pcr\/","name":"COVID19 AG a PCR","isPartOf":{"@id":"https:\/\/www.laborkn.sk\/sk\/#website"},"datePublished":"2022-05-10T09:34:06+00:00","dateModified":"2022-09-07T15:46:05+00:00","description":"MOM Kom\u00e1rno AG a PCR Testovanie Sv. Val\u00e9ria, testovanie pokra\u010duje pondelok a\u017e \u0161tvrtok, v nede\u013eu a po\u010das sviatkov od 15:30 do 16:30","breadcrumb":{"@id":"https:\/\/www.laborkn.sk\/sk\/covid19-ag-a-pcr\/#breadcrumb"},"inLanguage":"sk-SK","potentialAction":[{"@type":"ReadAction","target":["https:\/\/www.laborkn.sk\/sk\/covid19-ag-a-pcr\/"]}]},{"@type":"BreadcrumbList","@id":"https:\/\/www.laborkn.sk\/sk\/covid19-ag-a-pcr\/#breadcrumb","itemListElement":[{"@type":"ListItem","position":1,"name":"Home","item":"https:\/\/www.laborkn.sk\/sk\/"},{"@type":"ListItem","position":2,"name":"COVID19 AG a PCR"}]},{"@type":"WebSite","@id":"https:\/\/www.laborkn.sk\/sk\/#website","url":"https:\/\/www.laborkn.sk\/sk\/","name":"Laborat\u00f3rium klinickej mikrobiol\u00f3gie","description":"Sv. Valeria s.r.o. - Szt. Val\u00e9ria k.f.t","potentialAction":[{"@type":"SearchAction","target":{"@type":"EntryPoint","urlTemplate":"https:\/\/www.laborkn.sk\/sk\/?s={search_term_string}"},"query-input":{"@type":"PropertyValueSpecification","valueRequired":true,"valueName":"search_term_string"}}],"inLanguage":"sk-SK"}]}},"_links":{"self":[{"href":"https:\/\/www.laborkn.sk\/sk\/wp-json\/wp\/v2\/pages\/112"}],"collection":[{"href":"https:\/\/www.laborkn.sk\/sk\/wp-json\/wp\/v2\/pages"}],"about":[{"href":"https:\/\/www.laborkn.sk\/sk\/wp-json\/wp\/v2\/types\/page"}],"author":[{"embeddable":true,"href":"https:\/\/www.laborkn.sk\/sk\/wp-json\/wp\/v2\/users\/1"}],"replies":[{"embeddable":true,"href":"https:\/\/www.laborkn.sk\/sk\/wp-json\/wp\/v2\/comments?post=112"}],"version-history":[{"count":3,"href":"https:\/\/www.laborkn.sk\/sk\/wp-json\/wp\/v2\/pages\/112\/revisions"}],"predecessor-version":[{"id":201,"href":"https:\/\/www.laborkn.sk\/sk\/wp-json\/wp\/v2\/pages\/112\/revisions\/201"}],"wp:attachment":[{"href":"https:\/\/www.laborkn.sk\/sk\/wp-json\/wp\/v2\/media?parent=112"}],"curies":[{"name":"wp","href":"https:\/\/api.w.org\/{rel}","templated":true}]}}